{"id":73,"date":"2014-05-29T19:48:31","date_gmt":"2014-05-29T19:48:31","guid":{"rendered":"http:\/\/slepe.ee\/wp\/?page_id=73"},"modified":"2018-02-07T20:53:18","modified_gmt":"2018-02-07T20:53:18","slug":"remont","status":"publish","type":"page","link":"https:\/\/slepe.ee\/wp\/","title":{"rendered":"Firmast"},"content":{"rendered":"<p>Slepe O\u00dc teostab k\u00f5iki pottsepat\u00f5id, ehitame ahje, kaminaid, pliite, soem\u00fc\u00fcre, pitsaahje jms. Meil kehtib p\u00f5him\u00f5te &#8211; klient on kuningas ja mida ta soovib seda ka ehitame. Ainuke piirang on &#8211; t\u00f6\u00f6 peab vastama k\u00f5ikidele tuleohutusnormidele. Kasutame traditsioonilisi materjale ehk pottsepatellist koos teiste kaasaegsete ehitus- ja viimistlusvahenditega arvestades kliendi soove ja interj\u00f6\u00f6ri.<\/p>\nngg_shortcode_0_placeholder\n","protected":false},"excerpt":{"rendered":"<p>Slepe O\u00dc teostab k\u00f5iki pottsepat\u00f5id, ehitame ahje, kaminaid, pliite, soem\u00fc\u00fcre, pitsaahje jms. Meil kehtib p\u00f5him\u00f5te &#8211; klient on kuningas ja&hellip;<\/p>\n","protected":false},"author":1,"featured_media":0,"parent":0,"menu_order":1,"comment_status":"open","ping_status":"closed","template":"page-templates\/front-page.php","meta":{"ngg_post_thumbnail":0,"footnotes":""},"class_list":["post-73","page","type-page","status-publish","hentry"],"_links":{"self":[{"href":"https:\/\/slepe.ee\/wp\/index.php?rest_route=\/wp\/v2\/pages\/73","targetHints":{"allow":["GET"]}}],"collection":[{"href":"https:\/\/slepe.ee\/wp\/index.php?rest_route=\/wp\/v2\/pages"}],"about":[{"href":"https:\/\/slepe.ee\/wp\/index.php?rest_route=\/wp\/v2\/types\/page"}],"author":[{"embeddable":true,"href":"https:\/\/slepe.ee\/wp\/index.php?rest_route=\/wp\/v2\/users\/1"}],"replies":[{"embeddable":true,"href":"https:\/\/slepe.ee\/wp\/index.php?rest_route=%2Fwp%2Fv2%2Fcomments&post=73"}],"version-history":[{"count":8,"href":"https:\/\/slepe.ee\/wp\/index.php?rest_route=\/wp\/v2\/pages\/73\/revisions"}],"predecessor-version":[{"id":331,"href":"https:\/\/slepe.ee\/wp\/index.php?rest_route=\/wp\/v2\/pages\/73\/revisions\/331"}],"wp:attachment":[{"href":"https:\/\/slepe.ee\/wp\/index.php?rest_route=%2Fwp%2Fv2%2Fmedia&parent=73"}],"curies":[{"name":"wp","href":"https:\/\/api.w.org\/{rel}","templated":true}]}}